{"id":93,"date":"2019-12-14T16:38:13","date_gmt":"2019-12-14T16:38:13","guid":{"rendered":"http:\/\/nya.hitcity.se\/?page_id=93"},"modified":"2024-01-14T19:47:45","modified_gmt":"2024-01-14T18:47:45","slug":"onska-en-lat","status":"publish","type":"page","link":"https:\/\/hitcity.se\/?page_id=93","title":{"rendered":"\u00d6nska en l\u00e5t!"},"content":{"rendered":"\n<p>Skriv till oss via v\u00e5r Facebook sida <em>(meddelande)<\/em> med dina \u00f6nskem\u00e5l.<\/p>\n\n\n\n<p><a href=\"https:\/\/www.facebook.com\/HITCITY.se\">https:\/\/www.facebook.com\/HITCITY.se<\/a><\/p>\n","protected":false},"excerpt":{"rendered":"<p>Skriv till oss via v\u00e5r Facebook sida (meddelande) med dina \u00f6nskem\u00e5l. https:\/\/www.facebook.com\/HITCITY.se<\/p>\n","protected":false},"author":1,"featured_media":0,"parent":0,"menu_order":0,"comment_status":"closed","ping_status":"closed","template":"","meta":{"footnotes":""},"class_list":["post-93","page","type-page","status-publish","hentry"],"_links":{"self":[{"href":"https:\/\/hitcity.se\/index.php?rest_route=\/wp\/v2\/pages\/93","targetHints":{"allow":["GET"]}}],"collection":[{"href":"https:\/\/hitcity.se\/index.php?rest_route=\/wp\/v2\/pages"}],"about":[{"href":"https:\/\/hitcity.se\/index.php?rest_route=\/wp\/v2\/types\/page"}],"author":[{"embeddable":true,"href":"https:\/\/hitcity.se\/index.php?rest_route=\/wp\/v2\/users\/1"}],"replies":[{"embeddable":true,"href":"https:\/\/hitcity.se\/index.php?rest_route=%2Fwp%2Fv2%2Fcomments&post=93"}],"version-history":[{"count":6,"href":"https:\/\/hitcity.se\/index.php?rest_route=\/wp\/v2\/pages\/93\/revisions"}],"predecessor-version":[{"id":553,"href":"https:\/\/hitcity.se\/index.php?rest_route=\/wp\/v2\/pages\/93\/revisions\/553"}],"wp:attachment":[{"href":"https:\/\/hitcity.se\/index.php?rest_route=%2Fwp%2Fv2%2Fmedia&parent=93"}],"curies":[{"name":"wp","href":"https:\/\/api.w.org\/{rel}","templated":true}]}}