{"id":9,"date":"2019-12-14T14:46:26","date_gmt":"2019-12-14T14:46:26","guid":{"rendered":"http:\/\/nya.hitcity.se\/?page_id=9"},"modified":"2019-12-14T16:38:56","modified_gmt":"2019-12-14T16:38:56","slug":"om","status":"publish","type":"page","link":"https:\/\/hitcity.se\/?page_id=9","title":{"rendered":"Om HitCity"},"content":{"rendered":"\n<h5 class=\"wp-block-heading\">HitCity \u00d6resund \u00e4r en lokal v\u00e4rldsomsp\u00e4nnande&nbsp; radiostation i hj\u00e4rtat av Landskrona. Fokus ligger p\u00e5 den absolut nyaste musiken blandat med klassikerna du \u00e4lskar och intervjuer med b\u00e5de lokala och internationella artister. Mycket musik och minimalt med snack, dygnet runt.<\/h5>\n\n\n\n<h5 class=\"wp-block-heading\">HitCity \u00d6resund drivs av medlemmar i den ideella f\u00f6reningen N-radio f\u00f6reningen i Landskrona.<\/h5>\n\n\n\n<h5 class=\"wp-block-heading\">I nul\u00e4get \u00e4r d\u00e4r ett 15-tal entusiaster som jobbar p\u00e5 sin fritid med radion och hj\u00e4lper till p\u00e5 olika s\u00e4tt. Utav dem \u00e4r d\u00e4r 8-10 som s\u00e4nder radio, som programledare.<\/h5>\n\n\n\n<h5 class=\"wp-block-heading\">De andra hj\u00e4lper till i det tysta och \u00e4r minst lika viktiga som alla andra.<\/h5>\n\n\n\n<h5 class=\"wp-block-heading\">Vill du jobba med radio, ideellt och vill vara en del av detta galna g\u00e4ng, skriv d\u00e5 ett mail till oss och ber\u00e4tta lite om dig och skicka till oss p\u00e5 radio@hitcity.se<\/h5>\n\n\n\n<p><\/p>\n","protected":false},"excerpt":{"rendered":"<p>HitCity \u00d6resund \u00e4r en lokal v\u00e4rldsomsp\u00e4nnande&nbsp; radiostation i hj\u00e4rtat av Landskrona. Fokus ligger p\u00e5 den absolut nyaste musiken blandat med klassikerna du \u00e4lskar och intervjuer med b\u00e5de lokala och internationella artister. Mycket musik och minimalt med snack, dygnet runt. HitCity \u00d6resund drivs av medlemmar i den ideella f\u00f6reningen N-radio f\u00f6reningen i Landskrona. I nul\u00e4get \u00e4r &hellip; <\/p>\n<p class=\"link-more\"><a href=\"https:\/\/hitcity.se\/?page_id=9\" class=\"more-link\">Forts\u00e4tt l\u00e4sa<span class=\"screen-reader-text\"> \u201dOm HitCity\u201d<\/span><\/a><\/p>\n","protected":false},"author":1,"featured_media":0,"parent":0,"menu_order":0,"comment_status":"closed","ping_status":"closed","template":"","meta":{"footnotes":""},"class_list":["post-9","page","type-page","status-publish","hentry"],"_links":{"self":[{"href":"https:\/\/hitcity.se\/index.php?rest_route=\/wp\/v2\/pages\/9","targetHints":{"allow":["GET"]}}],"collection":[{"href":"https:\/\/hitcity.se\/index.php?rest_route=\/wp\/v2\/pages"}],"about":[{"href":"https:\/\/hitcity.se\/index.php?rest_route=\/wp\/v2\/types\/page"}],"author":[{"embeddable":true,"href":"https:\/\/hitcity.se\/index.php?rest_route=\/wp\/v2\/users\/1"}],"replies":[{"embeddable":true,"href":"https:\/\/hitcity.se\/index.php?rest_route=%2Fwp%2Fv2%2Fcomments&post=9"}],"version-history":[{"count":4,"href":"https:\/\/hitcity.se\/index.php?rest_route=\/wp\/v2\/pages\/9\/revisions"}],"predecessor-version":[{"id":430,"href":"https:\/\/hitcity.se\/index.php?rest_route=\/wp\/v2\/pages\/9\/revisions\/430"}],"wp:attachment":[{"href":"https:\/\/hitcity.se\/index.php?rest_route=%2Fwp%2Fv2%2Fmedia&parent=9"}],"curies":[{"name":"wp","href":"https:\/\/api.w.org\/{rel}","templated":true}]}}