{"id":8,"date":"2019-12-14T14:46:26","date_gmt":"2019-12-14T14:46:26","guid":{"rendered":"http:\/\/nya.hitcity.se\/?page_id=8"},"modified":"2025-11-18T12:51:58","modified_gmt":"2025-11-18T11:51:58","slug":"hem","status":"publish","type":"page","link":"https:\/\/hitcity.se\/","title":{"rendered":"Nyheter"},"content":{"rendered":"\n<h2 class=\"wp-block-heading\">Nu kan du best\u00e4lla unika HitCity prylar till dig sj\u00e4lv eller ditt f\u00f6retag!<\/h2>\n\n\n\n<p>I samarbete med Town And Towers Group Record Label and Music Management.<\/p>\n\n\n\n<p>L\u00e4nk: <a href=\"https:\/\/town-and-towers-records.myshopify.com\/collections\/hitcity-oresund\" data-type=\"URL\" data-id=\"https:\/\/town-and-towers-records.myshopify.com\/collections\/hitcity-oresund\">https:\/\/town-and-towers-records.myshopify.com\/collections\/hitcity-oresund<\/a><\/p>\n\n\n\n<p>Skrolla ner p\u00e5 sidan s\u00e5 hittar du HitCity prylarna.<\/p>\n\n\n\n<p><iframe loading=\"lazy\" src=\"https:\/\/spelarnu.hitcity.se\/justnu.php\" name=\"iframe\" width=\"800\" height=\"100\" frameborder=\"0\" marginwidth=\"0\" marginheight=\"0\" scrolling=\"auto\"><\/iframe><\/p>\n\n\n\n<div class=\"wp-block-group\"><div class=\"wp-block-group__inner-container is-layout-constrained wp-block-group-is-layout-constrained\">\n<script>\n        function openWindow1() {\n            window.open('https:\/\/spelarnu.hitcity.se\/streamlq.php', 'newwindow', 'width=550,height=650');\n        }\n        function openWindow2() {\n            window.open('https:\/\/spelarnu.hitcity.se\/streamhq.php', 'newwindow', 'width=550,height=650');\n        }\n    <\/script>\n<\/head>\n<body>\n    <a href=\"javascript:void(0);\" onclick=\"openWindow1();\"><img decoding=\"async\" src=\"https:\/\/spelarnu.hitcity.se\/linklq128.jpg\"><\/a><BR><BR>\n    <a href=\"javascript:void(0);\" onclick=\"openWindow2();\"><img decoding=\"async\" src=\"https:\/\/spelarnu.hitcity.se\/linkhq392.jpg\"><\/a>\n<\/div><\/div>\n\n\n\n<div class=\"wp-block-group\"><div class=\"wp-block-group__inner-container is-layout-constrained wp-block-group-is-layout-constrained\">\n<p><\/p>\n<\/div><\/div>\n\n\n<p><iframe loading=\"lazy\" src=\"https:\/\/spelarnu.hitcity.se\/last10played.php\" name=\"iframe\" width=\"660\" height=\"720\" frameborder=\"1\" marginwidth=\"0\" marginheight=\"0\" scrolling=\"auto\">&amp;amp;amp;amp;amp;amp;amp;amp;amp;amp;amp;amp;amp;amp;amp;amp;amp;lt;br \/&amp;amp;amp;amp;amp;amp;amp;amp;amp;amp;amp;amp;amp;amp;amp;amp;amp;gt;&amp;amp;amp;amp;amp;amp;amp;amp;amp;amp;amp;amp;amp;amp;amp;amp;lt;br \/&amp;amp;amp;amp;amp;amp;amp;amp;amp;amp;amp;amp;amp;amp;amp;amp;gt;&amp;amp;amp;amp;amp;amp;amp;amp;amp;amp;amp;amp;amp;amp;amp;lt;br \/&amp;amp;amp;amp;amp;amp;amp;amp;amp;amp;amp;amp;amp;amp;amp;gt;&amp;amp;amp;amp;amp;amp;amp;amp;amp;amp;amp;amp;amp;amp;lt;br \/&amp;amp;amp;amp;amp;amp;amp;amp;amp;amp;amp;amp;amp;amp;gt;&amp;amp;amp;amp;amp;amp;amp;amp;amp;amp;amp;amp;amp;lt;br \/&amp;amp;amp;amp;amp;amp;amp;amp;amp;amp;amp;amp;amp;gt;&amp;amp;amp;amp;amp;amp;amp;amp;amp;amp;amp;amp;lt;br \/&amp;amp;amp;amp;amp;amp;amp;amp;amp;amp;amp;amp;gt;&amp;amp;amp;amp;amp;amp;amp;amp;amp;amp;amp;lt;br \/&amp;amp;amp;amp;amp;amp;amp;amp;amp;amp;amp;gt;&amp;amp;amp;amp;amp;amp;amp;amp;amp;amp;lt;br \/&amp;amp;amp;amp;amp;amp;amp;amp;amp;amp;gt;&amp;amp;amp;amp;amp;amp;amp;amp;amp;lt;br \/&amp;amp;amp;amp;amp;amp;amp;amp;amp;gt;&amp;amp;amp;amp;amp;amp;amp;amp;lt;br \/&amp;amp;amp;amp;amp;amp;amp;amp;gt;&amp;amp;amp;amp;amp;amp;amp;lt;br \/&amp;amp;amp;amp;amp;amp;amp;gt;&amp;amp;amp;amp;amp;amp;lt;br \/&amp;amp;amp;amp;amp;amp;gt;&amp;amp;amp;amp;amp;lt;br \/&amp;amp;amp;amp;amp;gt;&amp;amp;amp;amp;lt;br \/&amp;amp;amp;amp;gt;&amp;amp;amp;lt;br \/&amp;amp;amp;gt;&amp;amp;lt;br \/&amp;amp;gt;&amp;lt;br \/&amp;gt;&lt;br \/&gt;<\/iframe><\/p>\n<p><!-- \/wp:post-content --><\/p>\n<p><!-- wp:embed {\"url\":\"https:\/\/www.facebook.com\/HITCITY.se\"} --><\/p>\n<figure class=\"wp-block-embed\">\n<div class=\"wp-block-embed__wrapper\">\u00a0<\/div>\n<\/figure>\n<p><!-- \/wp:embed --><\/p>\n<p><!-- wp:embed {\"url\":\"https:\/\/www.instagram.com\/hitcity.se\/\"} --><\/p>\n<div class=\"wp-block-embed__wrapper\">\u00a0<\/div>\n<div>\u00a0<\/div>\n<div>\u00a0<\/div>\n<div>\u00a0<\/div>\n<p><!-- \/wp:embed --><\/p>\n<p><!-- wp:heading --><\/p>\n<h2 class=\"wp-block-heading\">\u00a0<\/h2>\n<p><!-- \/wp:heading --><\/p>","protected":false},"excerpt":{"rendered":"<p>Nu kan du best\u00e4lla unika HitCity prylar till dig sj\u00e4lv eller ditt f\u00f6retag! I samarbete med Town And Towers Group Record Label and Music Management. L\u00e4nk: https:\/\/town-and-towers-records.myshopify.com\/collections\/hitcity-oresund Skrolla ner p\u00e5 sidan s\u00e5 hittar du HitCity prylarna. &amp;amp;amp;amp;amp;amp;amp;amp;amp;amp;amp;amp;amp;amp;amp;amp;amp;lt;br \/&amp;amp;amp;amp;amp;amp;amp;amp;amp;amp;amp;amp;amp;amp;amp;amp;amp;gt;&amp;amp;amp;amp;amp;amp;amp;amp;amp;amp;amp;amp;amp;amp;amp;amp;lt;br \/&amp;amp;amp;amp;amp;amp;amp;amp;amp;amp;amp;amp;amp;amp;amp;amp;gt;&amp;amp;amp;amp;amp;amp;amp;amp;amp;amp;amp;amp;amp;amp;amp;lt;br \/&amp;amp;amp;amp;amp;amp;amp;amp;amp;amp;amp;amp;amp;amp;amp;gt;&amp;amp;amp;amp;amp;amp;amp;amp;amp;amp;amp;amp;amp;amp;lt;br \/&amp;amp;amp;amp;amp;amp;amp;amp;amp;amp;amp;amp;amp;amp;gt;&amp;amp;amp;amp;amp;amp;amp;amp;amp;amp;amp;amp;amp;lt;br \/&amp;amp;amp;amp;amp;amp;amp;amp;amp;amp;amp;amp;amp;gt;&amp;amp;amp;amp;amp;amp;amp;amp;amp;amp;amp;amp;lt;br \/&amp;amp;amp;amp;amp;amp;amp;amp;amp;amp;amp;amp;gt;&amp;amp;amp;amp;amp;amp;amp;amp;amp;amp;amp;lt;br \/&amp;amp;amp;amp;amp;amp;amp;amp;amp;amp;amp;gt;&amp;amp;amp;amp;amp;amp;amp;amp;amp;amp;lt;br \/&amp;amp;amp;amp;amp;amp;amp;amp;amp;amp;gt;&amp;amp;amp;amp;amp;amp;amp;amp;amp;lt;br \/&amp;amp;amp;amp;amp;amp;amp;amp;amp;gt;&amp;amp;amp;amp;amp;amp;amp;amp;lt;br \/&amp;amp;amp;amp;amp;amp;amp;amp;gt;&amp;amp;amp;amp;amp;amp;amp;lt;br \/&amp;amp;amp;amp;amp;amp;amp;gt;&amp;amp;amp;amp;amp;amp;lt;br \/&amp;amp;amp;amp;amp;amp;gt;&amp;amp;amp;amp;amp;lt;br \/&amp;amp;amp;amp;amp;gt;&amp;amp;amp;amp;lt;br \/&amp;amp;amp;amp;gt;&amp;amp;amp;lt;br \/&amp;amp;amp;gt;&amp;amp;lt;br \/&amp;amp;gt;&amp;lt;br \/&amp;gt;&lt;br \/&gt; &hellip; <\/p>\n<p class=\"link-more\"><a href=\"https:\/\/hitcity.se\/\" class=\"more-link\">Forts\u00e4tt l\u00e4sa<span class=\"screen-reader-text\"> \u201dNyheter\u201d<\/span><\/a><\/p>\n","protected":false},"author":1,"featured_media":0,"parent":0,"menu_order":0,"comment_status":"closed","ping_status":"closed","template":"","meta":{"footnotes":""},"class_list":["post-8","page","type-page","status-publish","hentry"],"_links":{"self":[{"href":"https:\/\/hitcity.se\/index.php?rest_route=\/wp\/v2\/pages\/8","targetHints":{"allow":["GET"]}}],"collection":[{"href":"https:\/\/hitcity.se\/index.php?rest_route=\/wp\/v2\/pages"}],"about":[{"href":"https:\/\/hitcity.se\/index.php?rest_route=\/wp\/v2\/types\/page"}],"author":[{"embeddable":true,"href":"https:\/\/hitcity.se\/index.php?rest_route=\/wp\/v2\/users\/1"}],"replies":[{"embeddable":true,"href":"https:\/\/hitcity.se\/index.php?rest_route=%2Fwp%2Fv2%2Fcomments&post=8"}],"version-history":[{"count":142,"href":"https:\/\/hitcity.se\/index.php?rest_route=\/wp\/v2\/pages\/8\/revisions"}],"predecessor-version":[{"id":683,"href":"https:\/\/hitcity.se\/index.php?rest_route=\/wp\/v2\/pages\/8\/revisions\/683"}],"wp:attachment":[{"href":"https:\/\/hitcity.se\/index.php?rest_route=%2Fwp%2Fv2%2Fmedia&parent=8"}],"curies":[{"name":"wp","href":"https:\/\/api.w.org\/{rel}","templated":true}]}}