{"id":44,"date":"2019-12-14T15:25:28","date_gmt":"2019-12-14T15:25:28","guid":{"rendered":"http:\/\/nya.hitcity.se\/?page_id=44"},"modified":"2025-12-18T12:44:51","modified_gmt":"2025-12-18T11:44:51","slug":"personal","status":"publish","type":"page","link":"https:\/\/hitcity.se\/?page_id=44","title":{"rendered":"Personal"},"content":{"rendered":"\n<div class=\"wp-block-columns is-layout-flex wp-container-core-columns-is-layout-9d6595d7 wp-block-columns-is-layout-flex\">\n<div class=\"wp-block-column is-layout-flow wp-block-column-is-layout-flow\">\n<figure class=\"wp-block-image size-full is-resized\"><img loading=\"lazy\" decoding=\"async\" width=\"960\" height=\"960\" src=\"https:\/\/hitcity.se\/wp-content\/uploads\/2023\/03\/Anders.jpg\" alt=\"\" class=\"wp-image-405\" srcset=\"https:\/\/hitcity.se\/wp-content\/uploads\/2023\/03\/Anders.jpg 960w, https:\/\/hitcity.se\/wp-content\/uploads\/2023\/03\/Anders-300x300.jpg 300w, https:\/\/hitcity.se\/wp-content\/uploads\/2023\/03\/Anders-150x150.jpg 150w, https:\/\/hitcity.se\/wp-content\/uploads\/2023\/03\/Anders-768x768.jpg 768w, https:\/\/hitcity.se\/wp-content\/uploads\/2023\/03\/Anders-100x100.jpg 100w\" sizes=\"auto, (max-width: 767px) 89vw, (max-width: 1000px) 54vw, (max-width: 1071px) 543px, 580px\" \/><\/figure>\n<\/div>\n\n\n\n<div class=\"wp-block-column is-layout-flow wp-block-column-is-layout-flow\">\n<p><strong>Anders Johansson: Programledare, och Musikl\u00e4ggare&nbsp;<\/strong>&nbsp;<\/p>\n\n\n\n<p>Anders halkade in p\u00e5 radion p\u00e5 ett bananskal som sidekick i ett fredagsprogram. Numera halkar han runt i n\u00e4stan samtliga programpunkter. Han \u00e4r radions ansvariga musikl\u00e4ggare, s\u00e5 spelas n\u00e5gon l\u00e5t ni inte gillar, ska ni gn\u00e4lla p\u00e5 honom. Radions andra aktiva dj med hj\u00e4rtat i housemusiken och en sann virtuos i 90-talsmusiken. 179.5 cm i strumpl\u00e4sten trots h\u00f6jdskr\u00e4ck och storlek 42 i flipflops.<\/p>\n<\/div>\n<\/div>\n\n\n\n<div class=\"wp-block-columns is-layout-flex wp-container-core-columns-is-layout-9d6595d7 wp-block-columns-is-layout-flex\">\n<div class=\"wp-block-column is-layout-flow wp-block-column-is-layout-flow\">\n<figure class=\"wp-block-image size-large is-resized\"><img loading=\"lazy\" decoding=\"async\" width=\"707\" height=\"1024\" src=\"https:\/\/hitcity.se\/wp-content\/uploads\/2023\/03\/TobbeHitCity-707x1024.jpg\" alt=\"\" class=\"wp-image-406\" srcset=\"https:\/\/hitcity.se\/wp-content\/uploads\/2023\/03\/TobbeHitCity-707x1024.jpg 707w, https:\/\/hitcity.se\/wp-content\/uploads\/2023\/03\/TobbeHitCity-207x300.jpg 207w, https:\/\/hitcity.se\/wp-content\/uploads\/2023\/03\/TobbeHitCity-768x1112.jpg 768w, https:\/\/hitcity.se\/wp-content\/uploads\/2023\/03\/TobbeHitCity-1061x1536.jpg 1061w, https:\/\/hitcity.se\/wp-content\/uploads\/2023\/03\/TobbeHitCity.jpg 1129w\" sizes=\"auto, (max-width: 707px) 100vw, 707px\" \/><\/figure>\n<\/div>\n\n\n\n<div class=\"wp-block-column is-layout-flow wp-block-column-is-layout-flow\">\n<p><strong>Tobbe Pettersson: Programledare<\/strong><\/p>\n\n\n\n<p>Aka, Tobbe P, DJ Thessla osv. K\u00e4rt barn har m\u00e5nga namn, som han sj\u00e4lv uttrycker det s\u00e5 fint. Tobbe har storlek 42 i strumpor och m\u00e4ter 179 cm fr\u00e5n marken till h\u00e5rr\u00f6tterna. Radions spelevink som har en r\u00e4v bakom varje \u00f6ra, och en av stationens  aktiva DJ\u00b4s. Har en f\u00f6rk\u00e4rlek till synth-musik och \u00e4lskar Techno-musik mer \u00e4n n\u00e5gon annan. Driver en egen label (skivbolag) Poolside Recordings och producerar \u00e4ven egen musik samt remixar.<\/p>\n<\/div>\n<\/div>\n\n\n\n<div class=\"wp-block-columns is-layout-flex wp-container-core-columns-is-layout-9d6595d7 wp-block-columns-is-layout-flex\">\n<div class=\"wp-block-column is-layout-flow wp-block-column-is-layout-flow\">\n<figure class=\"wp-block-gallery has-nested-images columns-default is-cropped wp-block-gallery-1 is-layout-flex wp-block-gallery-is-layout-flex\">\n<figure class=\"wp-block-image size-large is-resized\"><img loading=\"lazy\" decoding=\"async\" width=\"300\" height=\"300\" data-id=\"47\" src=\"https:\/\/hitcity.se\/wp-content\/uploads\/2019\/12\/FredrikGranelli.jpg\" alt=\"\" class=\"wp-image-47\" srcset=\"https:\/\/hitcity.se\/wp-content\/uploads\/2019\/12\/FredrikGranelli.jpg 300w, https:\/\/hitcity.se\/wp-content\/uploads\/2019\/12\/FredrikGranelli-150x150.jpg 150w, https:\/\/hitcity.se\/wp-content\/uploads\/2019\/12\/FredrikGranelli-100x100.jpg 100w\" sizes=\"auto, (max-width: 300px) 100vw, 300px\" \/><\/figure>\n<\/figure>\n<\/div>\n\n\n\n<div class=\"wp-block-column is-layout-flow wp-block-column-is-layout-flow\">\n<p><strong>Fredrik \u201cFrille\u201d Granelli, Programledare:<\/strong>&nbsp;<\/p>\n\n\n\n<p>50% av F&amp;P House Project och med hj\u00e4rtat p\u00e5 det r\u00e4tta st\u00e4llet n\u00e4r det kommer till Eurodance. S\u00e4nder Hitcity Rewind. Frille var en av frontfigurerna i Magic Motion i slutet p\u00e5 90-talet, och \u00e4r i det n\u00e4rmaste ett orakel n\u00e4r det kommer till artister inom den genren. Frille \u00e4r ocks\u00e5 en av radions aktiva DJ&#8217;s och ses ofta ute i folkvimlet.<\/p>\n<\/div>\n<\/div>\n\n\n\n<div class=\"wp-block-columns is-layout-flex wp-container-core-columns-is-layout-9d6595d7 wp-block-columns-is-layout-flex\">\n<div class=\"wp-block-column is-layout-flow wp-block-column-is-layout-flow\">\n<figure class=\"wp-block-image size-large is-resized\"><img loading=\"lazy\" decoding=\"async\" width=\"739\" height=\"1024\" src=\"https:\/\/hitcity.se\/wp-content\/uploads\/2023\/03\/Peter-739x1024.jpg\" alt=\"\" class=\"wp-image-407\" srcset=\"https:\/\/hitcity.se\/wp-content\/uploads\/2023\/03\/Peter-739x1024.jpg 739w, https:\/\/hitcity.se\/wp-content\/uploads\/2023\/03\/Peter-217x300.jpg 217w, https:\/\/hitcity.se\/wp-content\/uploads\/2023\/03\/Peter-768x1064.jpg 768w, https:\/\/hitcity.se\/wp-content\/uploads\/2023\/03\/Peter.jpg 1058w\" sizes=\"auto, (max-width: 739px) 100vw, 739px\" \/><\/figure>\n<\/div>\n\n\n\n<div class=\"wp-block-column is-layout-flow wp-block-column-is-layout-flow\">\n<p><strong>Peter Nilsson: Teknik och IT&nbsp;<\/strong><\/p>\n\n\n\n<p>V\u00e5r lagom f\u00f6rvirrade teknikansvarig, som absolut aldrig har br\u00e5ttom. Man kan ibland, om man har teknikstrul, ringa honom. Svarar han inte d\u00e5 s\u00e5 ringer han tillbaka 3-4 dagar senare. D\u00e5 har man f\u00f6rhoppningsvis redan l\u00f6st problemet. Peter har som sagt hand om v\u00e5r teknik och ser till att ni kan lyssna p\u00e5 oss. Peter har svart b\u00e4lte i l\u00f6dkolv. Han m\u00e4ter 178,5 fr\u00e5n fotsulan och upp till d\u00e4r h\u00e5ret b\u00f6rjar. Han hoppar dessutom in ibland som sidekick i n\u00e5gra av v\u00e5ra program.<\/p>\n<\/div>\n<\/div>\n\n\n\n<div class=\"wp-block-columns is-layout-flex wp-container-core-columns-is-layout-9d6595d7 wp-block-columns-is-layout-flex\">\n<div class=\"wp-block-column is-layout-flow wp-block-column-is-layout-flow\">\n<figure class=\"wp-block-image size-full is-resized\"><img loading=\"lazy\" decoding=\"async\" width=\"768\" height=\"960\" src=\"https:\/\/hitcity.se\/wp-content\/uploads\/2023\/03\/Lone-HitCity.jpg\" alt=\"\" class=\"wp-image-408\" srcset=\"https:\/\/hitcity.se\/wp-content\/uploads\/2023\/03\/Lone-HitCity.jpg 768w, https:\/\/hitcity.se\/wp-content\/uploads\/2023\/03\/Lone-HitCity-240x300.jpg 240w\" sizes=\"auto, (max-width: 767px) 89vw, (max-width: 1000px) 54vw, (max-width: 1071px) 543px, 580px\" \/><\/figure>\n<\/div>\n\n\n\n<div class=\"wp-block-column is-layout-flow wp-block-column-is-layout-flow\">\n<p><strong>Lone Johansson Bauder: Programledare, Mediaansvarig, fixare och sekreterare&nbsp;<\/strong><\/p>\n\n\n\n<p>Lone \u00e4r den organiserade och fixande m\u00e4nniskan p\u00e5 radion samt r\u00f6sten bakom en del av v\u00e5ra jinglar och radio program. Hon h\u00e5ller  koll p\u00e5 alla p\u00e5 v\u00e5r radiostation, utan att vara chef. Hon l\u00f6ser problem, stora som sm\u00e5 p\u00e5 ett effektivt s\u00e4tt, \u00e4ven om vi ibland undrar vad hon hittar p\u00e5. Kort sagt. Alla radiostationer borde ha en egen Lone.<\/p>\n<\/div>\n<\/div>\n\n\n\n<div class=\"wp-block-columns is-layout-flex wp-container-core-columns-is-layout-9d6595d7 wp-block-columns-is-layout-flex\">\n<div class=\"wp-block-column is-layout-flow wp-block-column-is-layout-flow\"><\/div>\n<\/div>\n\n\n\n<div class=\"wp-block-columns is-layout-flex wp-container-core-columns-is-layout-9d6595d7 wp-block-columns-is-layout-flex\">\n<div class=\"wp-block-column is-layout-flow wp-block-column-is-layout-flow\">\n<p><\/p>\n\n\n\n<figure class=\"wp-block-image size-full\"><img loading=\"lazy\" decoding=\"async\" width=\"792\" height=\"681\" src=\"https:\/\/hitcity.se\/wp-content\/uploads\/2024\/01\/NT-HITCITY.jpg\" alt=\"\" class=\"wp-image-554\" srcset=\"https:\/\/hitcity.se\/wp-content\/uploads\/2024\/01\/NT-HITCITY.jpg 792w, https:\/\/hitcity.se\/wp-content\/uploads\/2024\/01\/NT-HITCITY-300x258.jpg 300w, https:\/\/hitcity.se\/wp-content\/uploads\/2024\/01\/NT-HITCITY-768x660.jpg 768w\" sizes=\"auto, (max-width: 767px) 89vw, (max-width: 1000px) 54vw, (max-width: 1071px) 543px, 580px\" \/><\/figure>\n<\/div>\n\n\n\n<div class=\"wp-block-column has-black-color has-text-color is-layout-flow wp-block-column-is-layout-flow\">\n<p><\/p>\n\n\n\n<p class=\"has-white-color has-text-color\"><strong>Niklas Thillgren: Programledare och Sidekick <\/strong>, <strong>WebAdmin f\u00f6r HitCity<\/strong><\/p>\n\n\n\n<p class=\"has-white-color has-text-color\">Niklas \u00e4r medverkande i programmet Electric Caf\u00e9 varje onsdag kv\u00e4ll kl. 21:00 d\u00e4r han tillsammans med Tobbe k\u00f6r live radio och intervjuer p\u00e5 plats i studion eller i telefon. Gammal synthare med en kreativ \u00e5dra och ett aldrig sinande intresse f\u00f6r musik. \u00c4r upphovsman till synthbandet Engraved Garden och \u00e4lskar att g\u00f6ra musik i sin hemmastudio i Helsingborg. En man i sin b\u00e4sta \u00e5lder med glimten i \u00f6gat.<\/p>\n<\/div>\n<\/div>\n\n\n\n<div class=\"wp-block-columns is-layout-flex wp-container-core-columns-is-layout-9d6595d7 wp-block-columns-is-layout-flex\">\n<div class=\"wp-block-column is-layout-flow wp-block-column-is-layout-flow\">\n<figure class=\"wp-block-image size-large\"><img loading=\"lazy\" decoding=\"async\" width=\"624\" height=\"1024\" src=\"https:\/\/hitcity.se\/wp-content\/uploads\/2025\/12\/Mattias-624x1024.jpg\" alt=\"\" class=\"wp-image-685\" srcset=\"https:\/\/hitcity.se\/wp-content\/uploads\/2025\/12\/Mattias-624x1024.jpg 624w, https:\/\/hitcity.se\/wp-content\/uploads\/2025\/12\/Mattias-183x300.jpg 183w, https:\/\/hitcity.se\/wp-content\/uploads\/2025\/12\/Mattias.jpg 738w\" sizes=\"auto, (max-width: 624px) 100vw, 624px\" \/><\/figure>\n\n\n\n<p><\/p>\n<\/div>\n\n\n\n<div class=\"wp-block-column is-layout-flow wp-block-column-is-layout-flow\">\n<div class=\"wp-block-columns is-layout-flex wp-container-core-columns-is-layout-9d6595d7 wp-block-columns-is-layout-flex\">\n<div class=\"wp-block-column is-layout-flow wp-block-column-is-layout-flow\"><\/div>\n<\/div>\n\n\n\n<div>\n<div class=\"block-editor-rich-text__editable rich-text\" role=\"textbox\" contenteditable=\"true\" aria-multiline=\"true\" aria-label=\"Skriv en sammanfattning. Tryck p\u00e5 \u201dEnter\u201d f\u00f6r att expandera eller minimera informationen.\" data-wp-block-attribute-key=\"summary\">\n<p><strong>Mattias Jon\u00e4lven, programledare<\/strong><\/p>\n<p>H\u00f6rs oftast p\u00e5 eftermiddagen d\u00e4r han likt en dammsugare utan filter suger upp allt han st\u00f6ter p\u00e5 i livet och sl\u00e4pper ut det i radion.<\/p>\n<p>Best\u00e4mde sig f\u00f6r att bli radiopratare redan i ton\u00e5ren efter att blivit erbjuden ett kexchoklad emot att han h\u00f6ll k\u00e4ften resten av t\u00e5gresan av en ok\u00e4nd dam. D\u00e5 t\u00e4nkte han att detta kan man ju leva p\u00e5.<\/p>\n<\/div>\n<\/div>\n<p id=\"block-4f9e3b4d-7b2c-494c-a96c-cb8b106c3474\" class=\"block-editor-rich-text__editable block-editor-block-list__block wp-block wp-block-paragraph rich-text\" role=\"document\" contenteditable=\"true\" aria-multiline=\"true\" aria-label=\"Tomt block. B\u00f6rja skriva eller tryck p\u00e5 snedstreck f\u00f6r att v\u00e4lja ett block\" data-block=\"4f9e3b4d-7b2c-494c-a96c-cb8b106c3474\" data-type=\"core\/paragraph\" data-title=\"Stycke\" data-empty=\"true\" data-custom-placeholder=\"true\" data-wp-block-attribute-key=\"content\">\u00a0<\/p>\n<\/div>\n<\/div>\n\n\n\n<p><\/p>\n","protected":false},"excerpt":{"rendered":"<p>Anders Johansson: Programledare, och Musikl\u00e4ggare&nbsp;&nbsp; Anders halkade in p\u00e5 radion p\u00e5 ett bananskal som sidekick i ett fredagsprogram. Numera halkar han runt i n\u00e4stan samtliga programpunkter. Han \u00e4r radions ansvariga musikl\u00e4ggare, s\u00e5 spelas n\u00e5gon l\u00e5t ni inte gillar, ska ni gn\u00e4lla p\u00e5 honom. Radions andra aktiva dj med hj\u00e4rtat i housemusiken och en sann virtuos &hellip; <\/p>\n<p class=\"link-more\"><a href=\"https:\/\/hitcity.se\/?page_id=44\" class=\"more-link\">Forts\u00e4tt l\u00e4sa<span class=\"screen-reader-text\"> \u201dPersonal\u201d<\/span><\/a><\/p>\n","protected":false},"author":1,"featured_media":0,"parent":0,"menu_order":0,"comment_status":"closed","ping_status":"closed","template":"","meta":{"footnotes":""},"class_list":["post-44","page","type-page","status-publish","hentry"],"_links":{"self":[{"href":"https:\/\/hitcity.se\/index.php?rest_route=\/wp\/v2\/pages\/44","targetHints":{"allow":["GET"]}}],"collection":[{"href":"https:\/\/hitcity.se\/index.php?rest_route=\/wp\/v2\/pages"}],"about":[{"href":"https:\/\/hitcity.se\/index.php?rest_route=\/wp\/v2\/types\/page"}],"author":[{"embeddable":true,"href":"https:\/\/hitcity.se\/index.php?rest_route=\/wp\/v2\/users\/1"}],"replies":[{"embeddable":true,"href":"https:\/\/hitcity.se\/index.php?rest_route=%2Fwp%2Fv2%2Fcomments&post=44"}],"version-history":[{"count":27,"href":"https:\/\/hitcity.se\/index.php?rest_route=\/wp\/v2\/pages\/44\/revisions"}],"predecessor-version":[{"id":692,"href":"https:\/\/hitcity.se\/index.php?rest_route=\/wp\/v2\/pages\/44\/revisions\/692"}],"wp:attachment":[{"href":"https:\/\/hitcity.se\/index.php?rest_route=%2Fwp%2Fv2%2Fmedia&parent=44"}],"curies":[{"name":"wp","href":"https:\/\/api.w.org\/{rel}","templated":true}]}}