{"id":10,"date":"2019-12-14T14:46:26","date_gmt":"2019-12-14T14:46:26","guid":{"rendered":"http:\/\/nya.hitcity.se\/?page_id=10"},"modified":"2025-05-30T05:04:39","modified_gmt":"2025-05-30T04:04:39","slug":"sponsor","status":"publish","type":"page","link":"https:\/\/hitcity.se\/?page_id=10","title":{"rendered":"Sponsorer och Sammarbetspartners"},"content":{"rendered":"\n<p>VILL DU SYNAS OCH H\u00d6RAS MED OSS?<\/p>\n\n\n\n<p>H\u00d6R AV DIG P\u00c5 REKLAM@HITCITY.SE S\u00c5 HJ\u00c4LPS VI \u00c5T ATT TA OSS B\u00c5DA TILL NYA NIV\u00c5ER. NEDAN FINNER NI DE F\u00d6RETAG SOM REDAN VALT DETTA.<\/p>\n\n\n\n<div class=\"wp-block-columns is-layout-flex wp-container-core-columns-is-layout-9d6595d7 wp-block-columns-is-layout-flex\">\n<div class=\"wp-block-column is-layout-flow wp-block-column-is-layout-flow\">\n<figure class=\"wp-block-image size-full is-resized\"><a href=\"https:\/\/www.gardsbutiken.se\/\"><img loading=\"lazy\" decoding=\"async\" width=\"498\" height=\"183\" src=\"https:\/\/hitcity.se\/wp-content\/uploads\/2023\/03\/Gardsbutiken-3.jpg\" alt=\"\" class=\"wp-image-498\" style=\"width:301px;height:109px\" srcset=\"https:\/\/hitcity.se\/wp-content\/uploads\/2023\/03\/Gardsbutiken-3.jpg 498w, https:\/\/hitcity.se\/wp-content\/uploads\/2023\/03\/Gardsbutiken-3-300x110.jpg 300w\" sizes=\"auto, (max-width: 498px) 100vw, 498px\" \/><\/a><\/figure>\n\n\n\n<figure class=\"wp-block-image size-full is-resized\"><a href=\"https:\/\/infosign.nu\/\"><img loading=\"lazy\" decoding=\"async\" width=\"330\" height=\"150\" src=\"https:\/\/hitcity.se\/wp-content\/uploads\/2023\/03\/InfoSign.png\" alt=\"\" class=\"wp-image-478\" style=\"width:302px;height:136px\" srcset=\"https:\/\/hitcity.se\/wp-content\/uploads\/2023\/03\/InfoSign.png 330w, https:\/\/hitcity.se\/wp-content\/uploads\/2023\/03\/InfoSign-300x136.png 300w\" sizes=\"auto, (max-width: 330px) 100vw, 330px\" \/><\/a><\/figure>\n<\/div>\n\n\n\n<div class=\"wp-block-column is-layout-flow wp-block-column-is-layout-flow\">\n<figure class=\"wp-block-image size-full is-resized\"><a href=\"https:\/\/taltmastarna.se\/\"><img loading=\"lazy\" decoding=\"async\" width=\"500\" height=\"500\" src=\"https:\/\/hitcity.se\/wp-content\/uploads\/2023\/03\/Taltmastarna.jpg\" alt=\"\" class=\"wp-image-458\" style=\"width:381px;height:381px\" srcset=\"https:\/\/hitcity.se\/wp-content\/uploads\/2023\/03\/Taltmastarna.jpg 500w, https:\/\/hitcity.se\/wp-content\/uploads\/2023\/03\/Taltmastarna-300x300.jpg 300w, https:\/\/hitcity.se\/wp-content\/uploads\/2023\/03\/Taltmastarna-150x150.jpg 150w, https:\/\/hitcity.se\/wp-content\/uploads\/2023\/03\/Taltmastarna-100x100.jpg 100w\" sizes=\"auto, (max-width: 500px) 100vw, 500px\" \/><\/a><\/figure>\n\n\n\n<p><\/p>\n\n\n\n<figure class=\"wp-block-image size-full is-resized\"><a href=\"https:\/\/www.skylthuset.se\/\"><img loading=\"lazy\" decoding=\"async\" width=\"823\" height=\"576\" src=\"https:\/\/hitcity.se\/wp-content\/uploads\/2023\/03\/Skylthuset-1.jpg\" alt=\"\" class=\"wp-image-500\" style=\"width:384px;height:268px\" srcset=\"https:\/\/hitcity.se\/wp-content\/uploads\/2023\/03\/Skylthuset-1.jpg 823w, https:\/\/hitcity.se\/wp-content\/uploads\/2023\/03\/Skylthuset-1-300x210.jpg 300w, https:\/\/hitcity.se\/wp-content\/uploads\/2023\/03\/Skylthuset-1-768x538.jpg 768w\" sizes=\"auto, (max-width: 767px) 89vw, (max-width: 1000px) 54vw, (max-width: 1071px) 543px, 580px\" \/><\/a><\/figure>\n<\/div>\n<\/div>\n\n\n\n<figure class=\"wp-block-image size-full is-resized\"><a href=\"https:\/\/townandtowers.dk\/\"><img loading=\"lazy\" decoding=\"async\" width=\"617\" height=\"620\" src=\"https:\/\/hitcity.se\/wp-content\/uploads\/2023\/03\/TownAndTowers-LOGO.jpg\" alt=\"\" class=\"wp-image-517\" style=\"width:248px;height:249px\" srcset=\"https:\/\/hitcity.se\/wp-content\/uploads\/2023\/03\/TownAndTowers-LOGO.jpg 617w, https:\/\/hitcity.se\/wp-content\/uploads\/2023\/03\/TownAndTowers-LOGO-300x300.jpg 300w, https:\/\/hitcity.se\/wp-content\/uploads\/2023\/03\/TownAndTowers-LOGO-150x150.jpg 150w, https:\/\/hitcity.se\/wp-content\/uploads\/2023\/03\/TownAndTowers-LOGO-100x100.jpg 100w\" sizes=\"auto, (max-width: 617px) 100vw, 617px\" \/><\/a><\/figure>\n\n\n\n<p><\/p>\n","protected":false},"excerpt":{"rendered":"<p>VILL DU SYNAS OCH H\u00d6RAS MED OSS? H\u00d6R AV DIG P\u00c5 REKLAM@HITCITY.SE S\u00c5 HJ\u00c4LPS VI \u00c5T ATT TA OSS B\u00c5DA TILL NYA NIV\u00c5ER. NEDAN FINNER NI DE F\u00d6RETAG SOM REDAN VALT DETTA.<\/p>\n","protected":false},"author":1,"featured_media":0,"parent":0,"menu_order":0,"comment_status":"closed","ping_status":"closed","template":"","meta":{"footnotes":""},"class_list":["post-10","page","type-page","status-publish","hentry"],"_links":{"self":[{"href":"https:\/\/hitcity.se\/index.php?rest_route=\/wp\/v2\/pages\/10","targetHints":{"allow":["GET"]}}],"collection":[{"href":"https:\/\/hitcity.se\/index.php?rest_route=\/wp\/v2\/pages"}],"about":[{"href":"https:\/\/hitcity.se\/index.php?rest_route=\/wp\/v2\/types\/page"}],"author":[{"embeddable":true,"href":"https:\/\/hitcity.se\/index.php?rest_route=\/wp\/v2\/users\/1"}],"replies":[{"embeddable":true,"href":"https:\/\/hitcity.se\/index.php?rest_route=%2Fwp%2Fv2%2Fcomments&post=10"}],"version-history":[{"count":69,"href":"https:\/\/hitcity.se\/index.php?rest_route=\/wp\/v2\/pages\/10\/revisions"}],"predecessor-version":[{"id":665,"href":"https:\/\/hitcity.se\/index.php?rest_route=\/wp\/v2\/pages\/10\/revisions\/665"}],"wp:attachment":[{"href":"https:\/\/hitcity.se\/index.php?rest_route=%2Fwp%2Fv2%2Fmedia&parent=10"}],"curies":[{"name":"wp","href":"https:\/\/api.w.org\/{rel}","templated":true}]}}